{"id":2073,"date":"2024-09-19T09:13:56","date_gmt":"2024-09-19T07:13:56","guid":{"rendered":"https:\/\/ydes.digital\/kontakt-oss\/"},"modified":"2024-12-17T20:27:44","modified_gmt":"2024-12-17T20:27:44","slug":"kontakt-oss","status":"publish","type":"page","link":"https:\/\/ydes.digital\/no\/kontakt-oss\/","title":{"rendered":"Kontakt oss"},"content":{"rendered":"\t\t<div data-elementor-type=\"wp-page\" data-elementor-id=\"2073\" class=\"elementor elementor-2073 elementor-317\" data-elementor-post-type=\"page\">\n\t\t\t\t<div class=\"elementor-element elementor-element-94dcc4c e-flex e-con-boxed e-con e-parent\" data-id=\"94dcc4c\" data-element_type=\"container\" data-settings=\"{&quot;background_background&quot;:&quot;classic&quot;}\">\n\t\t\t\t\t<div class=\"e-con-inner\">\n\t\t<div class=\"elementor-element elementor-element-e39d606 e-con-full e-flex e-con e-child\" data-id=\"e39d606\" data-element_type=\"container\">\n\t\t<div class=\"elementor-element elementor-element-dfc6d5a e-con-full e-flex e-con e-child\" data-id=\"dfc6d5a\" data-element_type=\"container\">\n\t\t\t\t<div class=\"elementor-element elementor-element-faa5205 elementor-widget elementor-widget-heading\" data-id=\"faa5205\" data-element_type=\"widget\" data-widget_type=\"heading.default\">\n\t\t\t\t<div class=\"elementor-widget-container\">\n\t\t\t\t\t<h1 class=\"elementor-heading-title elementor-size-default\">Kontakt oss<\/h1>\t\t\t\t<\/div>\n\t\t\t\t<\/div>\n\t\t\t\t<div class=\"elementor-element elementor-element-8fa6c11 elementor-widget elementor-widget-heading\" data-id=\"8fa6c11\" data-element_type=\"widget\" data-widget_type=\"heading.default\">\n\t\t\t\t<div class=\"elementor-widget-container\">\n\t\t\t\t\t<h2 class=\"elementor-heading-title elementor-size-default\">Har du sp\u00f8rsm\u00e5l eller \u00f8nsker \u00e5 komme i gang?<\/h2>\t\t\t\t<\/div>\n\t\t\t\t<\/div>\n\t\t\t\t<div class=\"elementor-element elementor-element-4cfc6da elementor-widget elementor-widget-text-editor\" data-id=\"4cfc6da\" data-element_type=\"widget\" data-widget_type=\"text-editor.default\">\n\t\t\t\t<div class=\"elementor-widget-container\">\n\t\t\t\t\t\t\t\t\t<p>Vi hjelper deg med \u00e5 finne den planen som passer best for din bedrift. Med Ydes presenterer vi alltid et forslag til den nye nettsiden din, og du kan teste hvordan alt fungerer f\u00f8r du tar en beslutning.<\/p>\n\t\t\t\t\t\t\t\t<\/div>\n\t\t\t\t<\/div>\n\t\t<div class=\"elementor-element elementor-element-20afd80 e-con-full e-flex e-con e-child\" data-id=\"20afd80\" data-element_type=\"container\" data-settings=\"{&quot;background_background&quot;:&quot;classic&quot;}\">\n\t\t\t\t<div class=\"elementor-element elementor-element-48670837 elementor-position-left elementor-widget-mobile__width-inherit elementor-mobile-position-left elementor-view-default elementor-widget elementor-widget-icon-box\" data-id=\"48670837\" data-element_type=\"widget\" data-widget_type=\"icon-box.default\">\n\t\t\t\t<div class=\"elementor-widget-container\">\n\t\t\t\t\t\t\t<div class=\"elementor-icon-box-wrapper\">\n\n\t\t\t\t\t\t<div class=\"elementor-icon-box-icon\">\n\t\t\t\t<a href=\"\" class=\"elementor-icon\" tabindex=\"-1\" aria-label=\"Telefon: 076 200 44 83\">\n\t\t\t\t<svg xmlns=\"http:\/\/www.w3.org\/2000\/svg\" width=\"18\" height=\"17\" viewBox=\"0 0 18 17\" fill=\"none\"><path fill-rule=\"evenodd\" clip-rule=\"evenodd\" d=\"M2.20739 1.12248C3.8396 -0.509728 6.59398 -0.385649 7.73047 1.65076L8.36099 2.78057C9.10315 4.11039 8.78689 5.78828 7.70044 6.888C7.68597 6.90782 7.60928 7.01948 7.59973 7.21458C7.58754 7.4636 7.67598 8.03949 8.56825 8.93175C9.46022 9.82373 10.036 9.91239 10.2852 9.90027C10.4804 9.89077 10.5922 9.81404 10.612 9.79955C11.7117 8.71311 13.3896 8.39685 14.7194 9.139L15.8492 9.76953C17.8856 10.906 18.0097 13.6604 16.3775 15.2926C15.5045 16.1657 14.3436 16.9414 12.9794 16.9931C10.9577 17.0698 7.60092 16.5477 4.27661 13.2234C0.952301 9.89908 0.430223 6.54227 0.506863 4.52062C0.55858 3.15642 1.33433 1.99554 2.20739 1.12248ZM6.45795 2.36094C5.876 1.31817 4.31216 1.0786 3.23783 2.15293C2.48457 2.90619 1.99486 3.73762 1.96309 4.57582C1.89918 6.26173 2.31541 9.20129 5.30706 12.1929C8.2987 15.1846 11.2383 15.6008 12.9242 15.5369C13.7624 15.5051 14.5938 15.0154 15.3471 14.2622C16.4214 13.1878 16.1818 11.624 15.1391 11.042L14.0093 10.4115C13.3065 10.0193 12.3193 10.1531 11.6263 10.8461L11.6261 10.8463C11.558 10.9143 11.1249 11.3184 10.356 11.3558C9.56882 11.3941 8.61603 11.0404 7.5378 9.9622C6.45922 8.88362 6.10566 7.93056 6.14421 7.14331C6.18186 6.37434 6.58622 5.94143 6.65388 5.87377L6.65391 5.87373C7.34691 5.18074 7.48071 4.19354 7.08848 3.49074L6.45795 2.36094Z\" fill=\"#001532\"><\/path><\/svg>\t\t\t\t<\/a>\n\t\t\t<\/div>\n\t\t\t\n\t\t\t\t\t\t<div class=\"elementor-icon-box-content\">\n\n\t\t\t\t\t\t\t\t\t<h4 class=\"elementor-icon-box-title\">\n\t\t\t\t\t\t<a href=\"\" >\n\t\t\t\t\t\t\tTelefon: 076 200 44 83\t\t\t\t\t\t<\/a>\n\t\t\t\t\t<\/h4>\n\t\t\t\t\n\t\t\t\t\n\t\t\t<\/div>\n\t\t\t\n\t\t<\/div>\n\t\t\t\t\t\t<\/div>\n\t\t\t\t<\/div>\n\t\t\t\t<div class=\"elementor-element elementor-element-7407d785 elementor-position-left elementor-widget-mobile__width-inherit elementor-mobile-position-left elementor-view-default elementor-widget elementor-widget-icon-box\" data-id=\"7407d785\" data-element_type=\"widget\" data-widget_type=\"icon-box.default\">\n\t\t\t\t<div class=\"elementor-widget-container\">\n\t\t\t\t\t\t\t<div class=\"elementor-icon-box-wrapper\">\n\n\t\t\t\t\t\t<div class=\"elementor-icon-box-icon\">\n\t\t\t\t<a href=\"mailto:info@ydes.digital\" class=\"elementor-icon\" tabindex=\"-1\" aria-label=\"E-post: info@ydes.digital\">\n\t\t\t\t<svg xmlns=\"http:\/\/www.w3.org\/2000\/svg\" width=\"20\" height=\"17\" viewBox=\"0 0 20 17\" fill=\"none\"><path fill-rule=\"evenodd\" clip-rule=\"evenodd\" d=\"M8.08705 3.12426e-07H11.9129C13.6225 -1.50894e-05 14.9766 -2.73585e-05 16.0363 0.14876C17.1269 0.301884 18.0097 0.624512 18.7058 1.35149C19.402 2.07847 19.7109 3.00031 19.8575 4.13923C20 5.2459 20 6.65995 20 8.4452V8.5548C20 10.3401 20 11.7541 19.8575 12.8608C19.7109 13.9997 19.402 14.9215 18.7058 15.6485C18.0097 16.3755 17.1269 16.6981 16.0363 16.8512C14.9766 17 13.6225 17 11.9129 17H8.08706C6.37751 17 5.02343 17 3.9637 16.8512C2.87307 16.6981 1.99033 16.3755 1.29418 15.6485C0.598028 14.9215 0.289082 13.9997 0.142451 12.8608C-2.61983e-05 11.7541 -1.44495e-05 10.3401 2.99177e-07 8.5548V8.44519C-1.44495e-05 6.65994 -2.61983e-05 5.2459 0.142451 4.13924C0.289082 3.00031 0.598028 2.07847 1.29418 1.35149C1.99033 0.624512 2.87307 0.301884 3.9637 0.14876C5.02343 -2.73585e-05 6.37751 -1.50894e-05 8.08705 3.12426e-07ZM4.14963 1.59291C3.21373 1.72431 2.67452 1.97073 2.28084 2.38185C1.88716 2.79297 1.65119 3.35605 1.52536 4.3334C1.39683 5.3317 1.39535 6.64766 1.39535 8.5C1.39535 10.3523 1.39683 11.6683 1.52536 12.6666C1.65119 13.6439 1.88716 14.207 2.28084 14.6182C2.67452 15.0293 3.21373 15.2757 4.14963 15.4071C5.10559 15.5413 6.36575 15.5429 8.13953 15.5429H11.8605C13.6343 15.5429 14.8944 15.5413 15.8504 15.4071C16.7863 15.2757 17.3255 15.0293 17.7192 14.6182C18.1128 14.207 18.3488 13.6439 18.4746 12.6666C18.6032 11.6683 18.6046 10.3523 18.6046 8.5C18.6046 6.64766 18.6032 5.3317 18.4746 4.3334C18.3488 3.35605 18.1128 2.79297 17.7192 2.38185C17.3255 1.97073 16.7863 1.72431 15.8504 1.59291C14.8944 1.45869 13.6343 1.45714 11.8605 1.45714H8.13953C6.36575 1.45714 5.10559 1.45869 4.14963 1.59291ZM3.88264 4.14787C4.12931 3.83875 4.56924 3.79699 4.86524 4.05458L6.87352 5.80226C7.74139 6.55751 8.34393 7.08017 8.85263 7.42184C9.34506 7.75257 9.679 7.86359 10 7.86359C10.321 7.86359 10.6549 7.75257 11.1474 7.42184C11.6561 7.08017 12.2586 6.55751 13.1265 5.80226L15.1348 4.05458C15.4308 3.79699 15.8707 3.83875 16.1174 4.14787C16.364 4.45698 16.324 4.91639 16.028 5.17399L13.9848 6.9521C13.1603 7.66965 12.492 8.25124 11.9022 8.64739C11.2877 9.06005 10.6894 9.32074 10 9.32074C9.31063 9.32074 8.71225 9.06005 8.09784 8.64739C7.50802 8.25124 6.83973 7.66966 6.01522 6.95211L3.97196 5.17399C3.67596 4.91639 3.63596 4.45698 3.88264 4.14787Z\" fill=\"#001532\"><\/path><\/svg>\t\t\t\t<\/a>\n\t\t\t<\/div>\n\t\t\t\n\t\t\t\t\t\t<div class=\"elementor-icon-box-content\">\n\n\t\t\t\t\t\t\t\t\t<h4 class=\"elementor-icon-box-title\">\n\t\t\t\t\t\t<a href=\"mailto:info@ydes.digital\" >\n\t\t\t\t\t\t\tE-post: info@ydes.digital\t\t\t\t\t\t<\/a>\n\t\t\t\t\t<\/h4>\n\t\t\t\t\n\t\t\t\t\n\t\t\t<\/div>\n\t\t\t\n\t\t<\/div>\n\t\t\t\t\t\t<\/div>\n\t\t\t\t<\/div>\n\t\t\t\t<div class=\"elementor-element elementor-element-ace91c8 elementor-position-left elementor-widget-mobile__width-inherit elementor-mobile-position-left elementor-view-default elementor-widget elementor-widget-icon-box\" data-id=\"ace91c8\" data-element_type=\"widget\" data-widget_type=\"icon-box.default\">\n\t\t\t\t<div class=\"elementor-widget-container\">\n\t\t\t\t\t\t\t<div class=\"elementor-icon-box-wrapper\">\n\n\t\t\t\t\t\t<div class=\"elementor-icon-box-icon\">\n\t\t\t\t<span  class=\"elementor-icon\">\n\t\t\t\t<svg xmlns=\"http:\/\/www.w3.org\/2000\/svg\" width=\"18\" height=\"20\" viewBox=\"0 0 18 20\" fill=\"none\"><path fill-rule=\"evenodd\" clip-rule=\"evenodd\" d=\"M0.5 8.27283C0.5 3.7156 4.29344 0 9 0C13.7066 0 17.5 3.7156 17.5 8.27283C17.5 10.4729 16.8452 12.8353 15.6877 14.8762C14.5317 16.9145 12.8426 18.6858 10.7296 19.6315C9.63198 20.1228 8.36802 20.1228 7.27036 19.6315C5.15739 18.6858 3.46831 16.9145 2.31225 14.8762C1.15477 12.8353 0.5 10.4729 0.5 8.27283ZM9 1.39535C5.12248 1.39535 1.95714 4.46277 1.95714 8.27283C1.95714 10.2236 2.54256 12.3585 3.59274 14.2102C4.64435 16.0644 6.13042 17.5811 7.88737 18.3674C8.59399 18.6837 9.40601 18.6837 10.1126 18.3674C11.8696 17.5811 13.3557 16.0644 14.4073 14.2102C15.4574 12.3585 16.0429 10.2236 16.0429 8.27283C16.0429 4.46277 12.8775 1.39535 9 1.39535ZM9 6.04651C7.79286 6.04651 6.81429 6.98359 6.81429 8.13953C6.81429 9.29548 7.79286 10.2326 9 10.2326C10.2071 10.2326 11.1857 9.29548 11.1857 8.13953C11.1857 6.98359 10.2071 6.04651 9 6.04651ZM5.35714 8.13953C5.35714 6.21296 6.98811 4.65116 9 4.65116C11.0119 4.65116 12.6429 6.21296 12.6429 8.13953C12.6429 10.0661 11.0119 11.6279 9 11.6279C6.98811 11.6279 5.35714 10.0661 5.35714 8.13953Z\" fill=\"#001532\"><\/path><\/svg>\t\t\t\t<\/span>\n\t\t\t<\/div>\n\t\t\t\n\t\t\t\t\t\t<div class=\"elementor-icon-box-content\">\n\n\t\t\t\t\t\t\t\t\t<h4 class=\"elementor-icon-box-title\">\n\t\t\t\t\t\t<span  >\n\t\t\t\t\t\t\tAdresse: Box 235, 891 25, \u00d6rnsk\u00f6ldsvik\t\t\t\t\t\t<\/span>\n\t\t\t\t\t<\/h4>\n\t\t\t\t\n\t\t\t\t\n\t\t\t<\/div>\n\t\t\t\n\t\t<\/div>\n\t\t\t\t\t\t<\/div>\n\t\t\t\t<\/div>\n\t\t\t\t<\/div>\n\t\t\t\t<\/div>\n\t\t\t\t<\/div>\n\t\t<div class=\"elementor-element elementor-element-8c9073f e-con-full e-flex e-con e-child\" data-id=\"8c9073f\" data-element_type=\"container\">\n\t\t<div class=\"elementor-element elementor-element-6c36d4e e-con-full e-flex e-con e-child\" data-id=\"6c36d4e\" data-element_type=\"container\" data-settings=\"{&quot;background_background&quot;:&quot;classic&quot;}\">\n\t\t\t\t<div class=\"elementor-element elementor-element-30ffe52 elementor-widget elementor-widget-heading\" data-id=\"30ffe52\" data-element_type=\"widget\" data-widget_type=\"heading.default\">\n\t\t\t\t<div class=\"elementor-widget-container\">\n\t\t\t\t\t<h2 class=\"elementor-heading-title elementor-size-default\">Send en melding<\/h2>\t\t\t\t<\/div>\n\t\t\t\t<\/div>\n\t\t\t\t<div class=\"elementor-element elementor-element-65ae92a elementor-widget elementor-widget-text-editor\" data-id=\"65ae92a\" data-element_type=\"widget\" data-widget_type=\"text-editor.default\">\n\t\t\t\t<div class=\"elementor-widget-container\">\n\t\t\t\t\t\t\t\t\t<p>Har du sp\u00f8rsm\u00e5l om tjenesten p\u00e5 nettstedet v\u00e5rt? Ta kontakt med oss ved hjelp av skjemaet nedenfor. Vi svarer vanligvis innen 24 timer!<\/p>\n\t\t\t\t\t\t\t\t<\/div>\n\t\t\t\t<\/div>\n\t\t\t\t<div class=\"elementor-element elementor-element-fa4b71b elementor-button-align-center elementor-widget elementor-widget-form\" data-id=\"fa4b71b\" data-element_type=\"widget\" data-settings=\"{&quot;step_next_label&quot;:&quot;Neste side&quot;,&quot;step_previous_label&quot;:&quot;Tidligere&quot;,&quot;button_width&quot;:&quot;100&quot;,&quot;step_type&quot;:&quot;number_text&quot;,&quot;step_icon_shape&quot;:&quot;circle&quot;}\" data-widget_type=\"form.default\">\n\t\t\t\t<div class=\"elementor-widget-container\">\n\t\t\t\t\t\t\t<form class=\"elementor-form\" method=\"post\" name=\"Kontaktskjema\" aria-label=\"Kontaktskjema\">\n\t\t\t<input type=\"hidden\" name=\"post_id\" value=\"2073\"\/>\n\t\t\t<input type=\"hidden\" name=\"form_id\" value=\"fa4b71b\"\/>\n\t\t\t<input type=\"hidden\" name=\"referer_title\" value=\"Kontakt oss\" \/>\n\n\t\t\t\t\t\t\t<input type=\"hidden\" name=\"queried_id\" value=\"2073\"\/>\n\t\t\t\n\t\t\t<div class=\"elementor-form-fields-wrapper elementor-labels-above\">\n\t\t\t\t\t\t\t\t<div class=\"elementor-field-type-text elementor-field-group elementor-column elementor-field-group-name elementor-col-50\">\n\t\t\t\t\t\t\t\t\t\t\t\t<label for=\"form-field-name\" class=\"elementor-field-label\">\n\t\t\t\t\t\t\t\tNavn p\u00e5 organisasjonen\t\t\t\t\t\t\t<\/label>\n\t\t\t\t\t\t\t\t\t\t\t\t\t\t<input size=\"1\" type=\"text\" name=\"form_fields[name]\" id=\"form-field-name\" class=\"elementor-field elementor-size-sm  elementor-field-textual\" placeholder=\"Ditt navn\">\n\t\t\t\t\t\t\t\t\t\t\t<\/div>\n\t\t\t\t\t\t\t\t<div class=\"elementor-field-type-email elementor-field-group elementor-column elementor-field-group-email elementor-col-50 elementor-field-required\">\n\t\t\t\t\t\t\t\t\t\t\t\t<label for=\"form-field-email\" class=\"elementor-field-label\">\n\t\t\t\t\t\t\t\tE-postadresse\t\t\t\t\t\t\t<\/label>\n\t\t\t\t\t\t\t\t\t\t\t\t\t\t<input size=\"1\" type=\"email\" name=\"form_fields[email]\" id=\"form-field-email\" class=\"elementor-field elementor-size-sm  elementor-field-textual\" placeholder=\"E-postadressen din\" required=\"required\">\n\t\t\t\t\t\t\t\t\t\t\t<\/div>\n\t\t\t\t\t\t\t\t<div class=\"elementor-field-type-textarea elementor-field-group elementor-column elementor-field-group-message elementor-col-100\">\n\t\t\t\t\t\t\t\t\t\t\t\t<label for=\"form-field-message\" class=\"elementor-field-label\">\n\t\t\t\t\t\t\t\tHvordan kan vi hjelpe deg?\t\t\t\t\t\t\t<\/label>\n\t\t\t\t\t\t<textarea class=\"elementor-field-textual elementor-field  elementor-size-sm\" name=\"form_fields[message]\" id=\"form-field-message\" rows=\"4\" placeholder=\"Meldingen din\"><\/textarea>\t\t\t\t<\/div>\n\t\t\t\t\t\t\t\t<div class=\"elementor-field-group elementor-column elementor-field-type-submit elementor-col-100 e-form__buttons\">\n\t\t\t\t\t<button class=\"elementor-button elementor-size-sm\" type=\"submit\">\n\t\t\t\t\t\t<span class=\"elementor-button-content-wrapper\">\n\t\t\t\t\t\t\t\t\t\t\t\t\t\t\t\t\t\t\t\t\t\t<span class=\"elementor-button-text\">Send en melding<\/span>\n\t\t\t\t\t\t\t\t\t\t\t\t\t<\/span>\n\t\t\t\t\t<\/button>\n\t\t\t\t<\/div>\n\t\t\t<\/div>\n\t\t<\/form>\n\t\t\t\t\t\t<\/div>\n\t\t\t\t<\/div>\n\t\t\t\t<\/div>\n\t\t\t\t<\/div>\n\t\t\t\t\t<\/div>\n\t\t\t\t<\/div>\n\t\t\t\t<\/div>\n\t\t","protected":false},"excerpt":{"rendered":"<p>Kontakt oss Har du sp\u00f8rsm\u00e5l eller \u00f8nsker \u00e5 komme i gang? Vi hjelper deg med \u00e5 finne den planen som passer best for din bedrift. Med Ydes presenterer vi alltid et forslag til den nye nettsiden din, og du kan teste hvordan alt fungerer f\u00f8r du tar en beslutning. Telefon: 076 200 44 83 E-post: [&hellip;]<\/p>\n","protected":false},"author":1,"featured_media":0,"parent":0,"menu_order":0,"comment_status":"closed","ping_status":"closed","template":"elementor_header_footer","meta":{"footnotes":""},"class_list":["post-2073","page","type-page","status-publish","hentry"],"_links":{"self":[{"href":"https:\/\/ydes.digital\/no\/wp-json\/wp\/v2\/pages\/2073","targetHints":{"allow":["GET"]}}],"collection":[{"href":"https:\/\/ydes.digital\/no\/wp-json\/wp\/v2\/pages"}],"about":[{"href":"https:\/\/ydes.digital\/no\/wp-json\/wp\/v2\/types\/page"}],"author":[{"embeddable":true,"href":"https:\/\/ydes.digital\/no\/wp-json\/wp\/v2\/users\/1"}],"replies":[{"embeddable":true,"href":"https:\/\/ydes.digital\/no\/wp-json\/wp\/v2\/comments?post=2073"}],"version-history":[{"count":9,"href":"https:\/\/ydes.digital\/no\/wp-json\/wp\/v2\/pages\/2073\/revisions"}],"predecessor-version":[{"id":3018,"href":"https:\/\/ydes.digital\/no\/wp-json\/wp\/v2\/pages\/2073\/revisions\/3018"}],"wp:attachment":[{"href":"https:\/\/ydes.digital\/no\/wp-json\/wp\/v2\/media?parent=2073"}],"curies":[{"name":"wp","href":"https:\/\/api.w.org\/{rel}","templated":true}]}}