{"id":2089,"date":"2024-10-27T21:51:57","date_gmt":"2024-10-27T20:51:57","guid":{"rendered":"https:\/\/ydes.digital\/kom-godt-i-gang\/"},"modified":"2024-12-17T20:44:18","modified_gmt":"2024-12-17T20:44:18","slug":"kom-i-gang","status":"publish","type":"page","link":"https:\/\/ydes.digital\/no\/kom-i-gang\/","title":{"rendered":"Kom i gang"},"content":{"rendered":"\t\t<div data-elementor-type=\"wp-page\" data-elementor-id=\"2089\" class=\"elementor elementor-2089 elementor-855\" data-elementor-post-type=\"page\">\n\t\t\t\t<div class=\"elementor-element elementor-element-d4cc01a e-con-full e-flex e-con e-parent\" data-id=\"d4cc01a\" data-element_type=\"container\" data-settings=\"{&quot;background_background&quot;:&quot;classic&quot;}\">\n\t\t<div class=\"elementor-element elementor-element-0d0fb41 e-con-full elementor-hidden-tablet elementor-hidden-mobile e-flex e-con e-child\" data-id=\"0d0fb41\" data-element_type=\"container\" data-settings=\"{&quot;background_background&quot;:&quot;classic&quot;}\">\n\t\t\t\t<div class=\"elementor-element elementor-element-87762cc elementor-widget elementor-widget-spacer\" data-id=\"87762cc\" data-element_type=\"widget\" data-widget_type=\"spacer.default\">\n\t\t\t\t<div class=\"elementor-widget-container\">\n\t\t\t\t\t\t\t<div class=\"elementor-spacer\">\n\t\t\t<div class=\"elementor-spacer-inner\"><\/div>\n\t\t<\/div>\n\t\t\t\t\t\t<\/div>\n\t\t\t\t<\/div>\n\t\t\t\t<\/div>\n\t\t<div class=\"elementor-element elementor-element-738eaf5 e-con-full e-flex e-con e-child\" data-id=\"738eaf5\" data-element_type=\"container\">\n\t\t<div class=\"elementor-element elementor-element-9d39c64 e-con-full e-flex e-con e-child\" data-id=\"9d39c64\" data-element_type=\"container\" data-settings=\"{&quot;background_background&quot;:&quot;classic&quot;}\">\n\t\t<div class=\"elementor-element elementor-element-07809d9 e-con-full e-flex e-con e-child\" data-id=\"07809d9\" data-element_type=\"container\">\n\t\t<div class=\"elementor-element elementor-element-f945b35 e-con-full e-flex e-con e-child\" data-id=\"f945b35\" data-element_type=\"container\">\n\t\t\t\t<div class=\"elementor-element elementor-element-9c6a358 elementor-widget elementor-widget-heading\" data-id=\"9c6a358\" data-element_type=\"widget\" data-widget_type=\"heading.default\">\n\t\t\t\t<div class=\"elementor-widget-container\">\n\t\t\t\t\t<h2 class=\"elementor-heading-title elementor-size-default\">F\u00e5 en gratis prototype innen 48 timer!<\/h2>\t\t\t\t<\/div>\n\t\t\t\t<\/div>\n\t\t\t\t<div class=\"elementor-element elementor-element-704793a elementor-widget elementor-widget-text-editor\" data-id=\"704793a\" data-element_type=\"widget\" data-widget_type=\"text-editor.default\">\n\t\t\t\t<div class=\"elementor-widget-container\">\n\t\t\t\t\t\t\t\t\t<p>Fyll ut skjemaet slik at vi kan designe prototypen din og sende den til din e-post!<\/p>\n\t\t\t\t\t\t\t\t<\/div>\n\t\t\t\t<\/div>\n\t\t\t\t<\/div>\n\t\t\t\t<div class=\"elementor-element elementor-element-45d91a0 elementor-button-align-end elementor-mobile-button-align-end elementor-widget elementor-widget-form\" data-id=\"45d91a0\" data-element_type=\"widget\" data-settings=\"{&quot;step_next_label&quot;:&quot;Neste \\u27f6&quot;,&quot;step_previous_label&quot;:&quot;\\u27f5Tilbake&quot;,&quot;step_type&quot;:&quot;progress_bar&quot;,&quot;button_width&quot;:&quot;100&quot;}\" data-widget_type=\"form.default\">\n\t\t\t\t<div class=\"elementor-widget-container\">\n\t\t\t\t\t\t\t<form class=\"elementor-form\" method=\"post\" name=\"Prototypeform\" aria-label=\"Prototypeform\">\n\t\t\t<input type=\"hidden\" name=\"post_id\" value=\"2089\"\/>\n\t\t\t<input type=\"hidden\" name=\"form_id\" value=\"45d91a0\"\/>\n\t\t\t<input type=\"hidden\" name=\"referer_title\" value=\"Kom i gang\" \/>\n\n\t\t\t\t\t\t\t<input type=\"hidden\" name=\"queried_id\" value=\"2089\"\/>\n\t\t\t\n\t\t\t<div class=\"elementor-form-fields-wrapper elementor-labels-above\">\n\t\t\t\t\t\t\t\t<div class=\"elementor-field-type-step elementor-field-group elementor-column elementor-field-group-field_b0bc225 elementor-col-100\">\n\t\t\t\t\t\t\t<div class=\"e-field-step elementor-hidden\" data-label=\"\" data-previousButton=\"\" data-nextButton=\"\" data-iconUrl=\"\" data-iconLibrary=\"\" data-icon=\"\" ><\/div>\n\n\t\t\t\t\t\t<\/div>\n\t\t\t\t\t\t\t\t<div class=\"elementor-field-type-html elementor-field-group elementor-column elementor-field-group-field_184496b elementor-col-100\">\n\t\t\t\t\tFortell oss om merkevaren din\t\t\t\t<\/div>\n\t\t\t\t\t\t\t\t<div class=\"elementor-field-type-upload elementor-field-group elementor-column elementor-field-group-logo elementor-col-100\">\n\t\t\t\t\t\t\t\t\t\t\t\t<label for=\"form-field-logo\" class=\"elementor-field-label\">\n\t\t\t\t\t\t\t\tLast opp logoen din (valgfritt)\t\t\t\t\t\t\t<\/label>\n\t\t\t\t\t\t\t\t<input type=\"file\" name=\"form_fields[logo]\" id=\"form-field-logo\" class=\"elementor-field elementor-size-md  elementor-upload-field\" data-maxsize=\"133\" data-maxsize-message=\"This file exceeds the maximum allowed size.\">\n\n\t\t\t\t\t\t<\/div>\n\t\t\t\t\t\t\t\t<div class=\"elementor-field-type-text elementor-field-group elementor-column elementor-field-group-field_bb2bffb elementor-col-50 elementor-field-required elementor-mark-required\">\n\t\t\t\t\t\t\t\t\t\t\t\t\t<input size=\"1\" type=\"text\" name=\"form_fields[field_bb2bffb]\" id=\"form-field-field_bb2bffb\" class=\"elementor-field elementor-size-md  elementor-field-textual\" placeholder=\"Selskapets navn*\" required=\"required\">\n\t\t\t\t\t\t\t\t\t\t\t<\/div>\n\t\t\t\t\t\t\t\t<div class=\"elementor-field-type-select elementor-field-group elementor-column elementor-field-group-bransch elementor-col-50 elementor-field-required elementor-mark-required\">\n\t\t\t\t\t\t\t<div class=\"elementor-field elementor-select-wrapper remove-before \">\n\t\t\t<div class=\"select-caret-down-wrapper\">\n\t\t\t\t<svg aria-hidden=\"true\" class=\"e-font-icon-svg e-eicon-caret-down\" viewBox=\"0 0 571.4 571.4\" xmlns=\"http:\/\/www.w3.org\/2000\/svg\"><path d=\"M571 393Q571 407 561 418L311 668Q300 679 286 679T261 668L11 418Q0 407 0 393T11 368 36 357H536Q550 357 561 368T571 393Z\"><\/path><\/svg>\t\t\t<\/div>\n\t\t\t<select name=\"form_fields[bransch]\" id=\"form-field-bransch\" class=\"elementor-field-textual elementor-size-md\" required=\"required\">\n\t\t\t\t\t\t\t\t\t<option value=\"Type virksomhet * \">Type virksomhet * <\/option>\n\t\t\t\t\t\t\t\t\t<option value=\"Detaljhandel \/ E-handel \">Detaljhandel \/ E-handel <\/option>\n\t\t\t\t\t\t\t\t\t<option value=\"Restaurant \/ Kaf\u00e9 \">Restaurant \/ Kaf\u00e9 <\/option>\n\t\t\t\t\t\t\t\t\t<option value=\"Helse og Skj\u00f8nnhet \">Helse og Skj\u00f8nnhet <\/option>\n\t\t\t\t\t\t\t\t\t<option value=\"Bygg og; Anlegg \">Bygg og; Anlegg <\/option>\n\t\t\t\t\t\t\t\t\t<option value=\"Utdanning \/ Skole \">Utdanning \/ Skole <\/option>\n\t\t\t\t\t\t\t\t\t<option value=\"Eiendom \/ Eiendomsmegler \">Eiendom \/ Eiendomsmegler <\/option>\n\t\t\t\t\t\t\t\t\t<option value=\"Teknologi og IT \">Teknologi og IT <\/option>\n\t\t\t\t\t\t\t\t\t<option value=\"Finans og Forsikring \">Finans og Forsikring <\/option>\n\t\t\t\t\t\t\t\t\t<option value=\"Juridisk \/ Advokatfirma \">Juridisk \/ Advokatfirma <\/option>\n\t\t\t\t\t\t\t\t\t<option value=\"Markedsf\u00f8ring \/ PR \">Markedsf\u00f8ring \/ PR <\/option>\n\t\t\t\t\t\t\t\t\t<option value=\"H\u00e5ndverkere \/ Hjemmeservice \">H\u00e5ndverkere \/ Hjemmeservice <\/option>\n\t\t\t\t\t\t\t\t\t<option value=\"Bilforhandler \/ Verksted \">Bilforhandler \/ Verksted <\/option>\n\t\t\t\t\t\t\t\t\t<option value=\"Hotell og Reiseliv \">Hotell og Reiseliv <\/option>\n\t\t\t\t\t\t\t\t\t<option value=\"Kultur og Underholdning \">Kultur og Underholdning <\/option>\n\t\t\t\t\t\t\t\t\t<option value=\"Transport og Logistikk\">Transport og Logistikk<\/option>\n\t\t\t\t\t\t\t\t\t<option value=\"Milj\u00f8 og Energi \">Milj\u00f8 og Energi <\/option>\n\t\t\t\t\t\t\t\t\t<option value=\"Ideell organisasjon \">Ideell organisasjon <\/option>\n\t\t\t\t\t\t\t\t\t<option value=\"Annet\">Annet<\/option>\n\t\t\t\t\t\t\t<\/select>\n\t\t<\/div>\n\t\t\t\t\t\t<\/div>\n\t\t\t\t\t\t\t\t<div class=\"elementor-field-type-url elementor-field-group elementor-column elementor-field-group-field_ce903b5 elementor-col-100\">\n\t\t\t\t\t\t\t\t\t\t\t\t\t<input size=\"1\" type=\"url\" name=\"form_fields[field_ce903b5]\" id=\"form-field-field_ce903b5\" class=\"elementor-field elementor-size-md  elementor-field-textual\" placeholder=\"N\u00e5v\u00e6rende nettside (valgfritt)\">\n\t\t\t\t\t\t\t\t\t\t\t<\/div>\n\t\t\t\t\t\t\t\t<div class=\"elementor-field-type-step elementor-field-group elementor-column elementor-field-group-field_b6db177 elementor-col-100\">\n\t\t\t\t\t\t\t<div class=\"e-field-step elementor-hidden\" data-label=\"\" data-previousButton=\"\" data-nextButton=\"\" data-iconUrl=\"\" data-iconLibrary=\"fas fa-star\" data-icon=\"&lt;svg class=&quot;e-font-icon-svg e-fas-star&quot; viewBox=&quot;0 0 576 512&quot; xmlns=&quot;http:\/\/www.w3.org\/2000\/svg&quot;&gt;&lt;path d=&quot;M259.3 17.8L194 150.2 47.9 171.5c-26.2 3.8-36.7 36.1-17.7 54.6l105.7 103-25 145.5c-4.5 26.3 23.2 46 46.4 33.7L288 439.6l130.7 68.7c23.2 12.2 50.9-7.4 46.4-33.7l-25-145.5 105.7-103c19-18.5 8.5-50.8-17.7-54.6L382 150.2 316.7 17.8c-11.7-23.6-45.6-23.9-57.4 0z&quot;&gt;&lt;\/path&gt;&lt;\/svg&gt;\" ><\/div>\n\n\t\t\t\t\t\t<\/div>\n\t\t\t\t\t\t\t\t<div class=\"elementor-field-type-html elementor-field-group elementor-column elementor-field-group-field_9621cc6 elementor-col-100\">\n\t\t\t\t\tHvilke designpreferanser har du?\t\t\t\t<\/div>\n\t\t\t\t\t\t\t\t<div class=\"elementor-field-type-text elementor-field-group elementor-column elementor-field-group-colour elementor-col-50\">\n\t\t\t\t\t\t\t\t\t\t\t\t<label for=\"form-field-colour\" class=\"elementor-field-label\">\n\t\t\t\t\t\t\t\tFargeinnstillinger p\u00e5 nettstedet\t\t\t\t\t\t\t<\/label>\n\t\t\t\t\t\t\t\t\t\t\t\t\t\t<input size=\"1\" type=\"text\" name=\"form_fields[colour]\" id=\"form-field-colour\" class=\"elementor-field elementor-size-md  elementor-field-textual\" placeholder=\"Eks: Bl\u00e5, gr\u00f8nn\">\n\t\t\t\t\t\t\t\t\t\t\t<\/div>\n\t\t\t\t\t\t\t\t<div class=\"elementor-field-type-select elementor-field-group elementor-column elementor-field-group-style elementor-col-50\">\n\t\t\t\t\t\t\t\t\t\t\t\t<label for=\"form-field-style\" class=\"elementor-field-label\">\n\t\t\t\t\t\t\t\tStil p\u00e5 nettstedet\t\t\t\t\t\t\t<\/label>\n\t\t\t\t\t\t\t\t<div class=\"elementor-field elementor-select-wrapper remove-before \">\n\t\t\t<div class=\"select-caret-down-wrapper\">\n\t\t\t\t<svg aria-hidden=\"true\" class=\"e-font-icon-svg e-eicon-caret-down\" viewBox=\"0 0 571.4 571.4\" xmlns=\"http:\/\/www.w3.org\/2000\/svg\"><path d=\"M571 393Q571 407 561 418L311 668Q300 679 286 679T261 668L11 418Q0 407 0 393T11 368 36 357H536Q550 357 561 368T571 393Z\"><\/path><\/svg>\t\t\t<\/div>\n\t\t\t<select name=\"form_fields[style]\" id=\"form-field-style\" class=\"elementor-field-textual elementor-size-md\">\n\t\t\t\t\t\t\t\t\t<option value=\"Velg stil Moderne Stilig Klassisk Lekfull Luksuri\u00f8s Fargerik Jeg vet ikke, du kan velge\">Velg stil Moderne Stilig Klassisk Lekfull Luksuri\u00f8s Fargerik Jeg vet ikke, du kan velge<\/option>\n\t\t\t\t\t\t\t<\/select>\n\t\t<\/div>\n\t\t\t\t\t\t<\/div>\n\t\t\t\t\t\t\t\t<div class=\"elementor-field-type-textarea elementor-field-group elementor-column elementor-field-group-field_9e899f3 elementor-col-100\">\n\t\t\t\t\t\t\t\t\t\t\t\t<label for=\"form-field-field_9e899f3\" class=\"elementor-field-label\">\n\t\t\t\t\t\t\t\tAndre design\u00f8nsker (valgfritt)\t\t\t\t\t\t\t<\/label>\n\t\t\t\t\t\t<textarea class=\"elementor-field-textual elementor-field  elementor-size-md\" name=\"form_fields[field_9e899f3]\" id=\"form-field-field_9e899f3\" rows=\"4\" placeholder=\"Skriv inn dine spesielle \u00f8nsker eller ideer til nettstedet\"><\/textarea>\t\t\t\t<\/div>\n\t\t\t\t\t\t\t\t<div class=\"elementor-field-type-step elementor-field-group elementor-column elementor-field-group-field_2c6b55c elementor-col-100\">\n\t\t\t\t\t\t\t<div class=\"e-field-step elementor-hidden\" data-label=\"\" data-previousButton=\"\" data-nextButton=\"\" data-iconUrl=\"\" data-iconLibrary=\"fas fa-star\" data-icon=\"&lt;svg class=&quot;e-font-icon-svg e-fas-star&quot; viewBox=&quot;0 0 576 512&quot; xmlns=&quot;http:\/\/www.w3.org\/2000\/svg&quot;&gt;&lt;path d=&quot;M259.3 17.8L194 150.2 47.9 171.5c-26.2 3.8-36.7 36.1-17.7 54.6l105.7 103-25 145.5c-4.5 26.3 23.2 46 46.4 33.7L288 439.6l130.7 68.7c23.2 12.2 50.9-7.4 46.4-33.7l-25-145.5 105.7-103c19-18.5 8.5-50.8-17.7-54.6L382 150.2 316.7 17.8c-11.7-23.6-45.6-23.9-57.4 0z&quot;&gt;&lt;\/path&gt;&lt;\/svg&gt;\" ><\/div>\n\n\t\t\t\t\t\t<\/div>\n\t\t\t\t\t\t\t\t<div class=\"elementor-field-type-html elementor-field-group elementor-column elementor-field-group-field_7a359f6 elementor-col-100\">\n\t\t\t\t\tFirmainfo (Vi tar kun kontakt ved sp\u00f8rsm\u00e5l)\t\t\t\t<\/div>\n\t\t\t\t\t\t\t\t<div class=\"elementor-field-type-text elementor-field-group elementor-column elementor-field-group-field_47dd882 elementor-col-100 elementor-field-required elementor-mark-required\">\n\t\t\t\t\t\t\t\t\t\t\t\t\t<input size=\"1\" type=\"text\" name=\"form_fields[field_47dd882]\" id=\"form-field-field_47dd882\" class=\"elementor-field elementor-size-md  elementor-field-textual\" placeholder=\"Navn *.\" required=\"required\">\n\t\t\t\t\t\t\t\t\t\t\t<\/div>\n\t\t\t\t\t\t\t\t<div class=\"elementor-field-type-email elementor-field-group elementor-column elementor-field-group-field_36e83c1 elementor-col-50 elementor-field-required elementor-mark-required\">\n\t\t\t\t\t\t\t\t\t\t\t\t\t<input size=\"1\" type=\"email\" name=\"form_fields[field_36e83c1]\" id=\"form-field-field_36e83c1\" class=\"elementor-field elementor-size-md  elementor-field-textual\" placeholder=\"Selskapets e-post *\" required=\"required\">\n\t\t\t\t\t\t\t\t\t\t\t<\/div>\n\t\t\t\t\t\t\t\t<div class=\"elementor-field-type-tel elementor-field-group elementor-column elementor-field-group-field_e3beec0 elementor-col-50 elementor-field-required elementor-mark-required\">\n\t\t\t\t\t\t\t<input size=\"1\" type=\"tel\" name=\"form_fields[field_e3beec0]\" id=\"form-field-field_e3beec0\" class=\"elementor-field elementor-size-md  elementor-field-textual\" placeholder=\"Telefonnummer\" required=\"required\" pattern=\"[0-9()#&amp;+*-=.]+\" title=\"Only numbers and phone characters (#, -, *, etc) are accepted.\">\n\n\t\t\t\t\t\t<\/div>\n\t\t\t\t\t\t\t\t<div class=\"elementor-field-group elementor-column elementor-field-type-submit elementor-col-100 e-form__buttons\">\n\t\t\t\t\t<button class=\"elementor-button elementor-size-sm\" type=\"submit\">\n\t\t\t\t\t\t<span class=\"elementor-button-content-wrapper\">\n\t\t\t\t\t\t\t\t\t\t\t\t\t\t\t\t\t\t\t\t\t\t<span class=\"elementor-button-text\">Send prototypen min \u27f6<\/span>\n\t\t\t\t\t\t\t\t\t\t\t\t\t<\/span>\n\t\t\t\t\t<\/button>\n\t\t\t\t<\/div>\n\t\t\t<\/div>\n\t\t<\/form>\n\t\t\t\t\t\t<\/div>\n\t\t\t\t<\/div>\n\t\t\t\t<div class=\"elementor-element elementor-element-55f9b19 elementor-widget elementor-widget-heading\" data-id=\"55f9b19\" data-element_type=\"widget\" data-widget_type=\"heading.default\">\n\t\t\t\t<div class=\"elementor-widget-container\">\n\t\t\t\t\t<h6 class=\"elementor-heading-title elementor-size-default\"><a href=\"https:\/\/ydes.digital\/no\">\u27f5 Tilbake til startsiden<\/a><\/h6>\t\t\t\t<\/div>\n\t\t\t\t<\/div>\n\t\t\t\t<\/div>\n\t\t\t\t<\/div>\n\t\t\t\t<\/div>\n\t\t\t\t<\/div>\n\t\t\t\t<\/div>\n\t\t","protected":false},"excerpt":{"rendered":"<p>Se dr\u00f8mmeprototypen din p\u00e5 bare 24 timer! Fyll ut v\u00e5rt enkle skjema, og la oss designe en unik prototype som gjenspeiler merkevaren din. Enten du jobber innen detaljhandel, catering, teknologi eller en hvilken som helst annen bransje, har vi l\u00f8sningen for deg. Velg designpreferanser, last opp logoen din og fortell oss om virksomheten din. Med en rekke stilalternativer, fra moderne til lekne, kan vi skape noe som virkelig skiller seg ut. Ta steget mot \u00e5 realisere visjonen din &#8211; send inn foresp\u00f8rselen din i dag og motta prototypen din direkte p\u00e5 e-post!<\/p>\n","protected":false},"author":1,"featured_media":0,"parent":0,"menu_order":0,"comment_status":"closed","ping_status":"closed","template":"elementor_canvas","meta":{"footnotes":""},"class_list":["post-2089","page","type-page","status-publish","hentry"],"_links":{"self":[{"href":"https:\/\/ydes.digital\/no\/wp-json\/wp\/v2\/pages\/2089","targetHints":{"allow":["GET"]}}],"collection":[{"href":"https:\/\/ydes.digital\/no\/wp-json\/wp\/v2\/pages"}],"about":[{"href":"https:\/\/ydes.digital\/no\/wp-json\/wp\/v2\/types\/page"}],"author":[{"embeddable":true,"href":"https:\/\/ydes.digital\/no\/wp-json\/wp\/v2\/users\/1"}],"replies":[{"embeddable":true,"href":"https:\/\/ydes.digital\/no\/wp-json\/wp\/v2\/comments?post=2089"}],"version-history":[{"count":9,"href":"https:\/\/ydes.digital\/no\/wp-json\/wp\/v2\/pages\/2089\/revisions"}],"predecessor-version":[{"id":3041,"href":"https:\/\/ydes.digital\/no\/wp-json\/wp\/v2\/pages\/2089\/revisions\/3041"}],"wp:attachment":[{"href":"https:\/\/ydes.digital\/no\/wp-json\/wp\/v2\/media?parent=2089"}],"curies":[{"name":"wp","href":"https:\/\/api.w.org\/{rel}","templated":true}]}}